{"id":3,"date":"2021-07-29T20:03:02","date_gmt":"2021-07-29T20:03:02","guid":{"rendered":"https:\/\/adminomics.com\/?page_id=3"},"modified":"2021-07-30T19:10:51","modified_gmt":"2021-07-30T19:10:51","slug":"politica-privacidad","status":"publish","type":"page","link":"https:\/\/adminomics.com\/index.php\/politica-privacidad\/","title":{"rendered":"Pol\u00edtica de privacidad"},"content":{"rendered":"\n<p>Versi\u00f3n 30 de julio 2021.<\/p>\n\n\n\n<p>Agustina Chamorro, CUIT 27-31624174-9, titular de Adminomics, en adelante \u201cAdminomics\u201d, informa a los usuarios la siguiente pol\u00edtica de privacidad a los usuarios del dominio \u201cadminomics.com\u201d, en adelante \u201cP\u00e1gina\u201d.<\/p>\n\n\n\n<h4>1. Informaci\u00f3n recolectada<\/h4>\n\n\n\n<p>La \u00fanica informaci\u00f3n recolectada por Adminomics a trav\u00e9s de la P\u00e1gina es aquella que los usuarios brinden a trav\u00e9s de los formularios de contacto. Esta informaci\u00f3n suele consistir en correos electr\u00f3nicos, n\u00fameros de tel\u00e9fono y cualquier otra informaci\u00f3n relevante al servicio que brinde un usuario. La informaci\u00f3n queda recolectada en la casilla de correo \u201cinfo@adminomics.com\u201d y en una base de datos de uso privado.<\/p>\n\n\n\n<h4>2. Ejercicio de los derechos de acceso, rectificaci\u00f3n, cancelaci\u00f3n u oposici\u00f3n<\/h4>\n\n\n\n<p>Para acceder, modificar, cancelar u oponerse a la recolecci\u00f3n de datos por parte de Adminomics, comun\u00edquese por correo electr\u00f3nico a \u201cinfo@adminomics.com\u201d o llame al 11-6667-2915. Adminomics solo permitir\u00e1 el ejercicio de estos derecho a quienes demuestren fehacientemente que tienen la capacidad para ejercerlo, a los fines de resguardar los derechos de terceros.<\/p>\n\n\n\n<h4>3. Responsabilidad de los usuarios<\/h4>\n\n\n\n<p>Los usuarios son responsables por la informaci\u00f3n que brinden a Adminomics. En particular, los usuarios se abstendr\u00e1n de presentar informaci\u00f3n falsa, sensible o cuya divulgaci\u00f3n no est\u00e9 permitida con arreglo a derecho.<\/p>\n\n\n\n<h4>4. Derecho aplicable y jurisdicci\u00f3n<\/h4>\n\n\n\n<p>El derecho aplicable ser\u00e1 el argentino y la jurisdicci\u00f3n territorial ser\u00e1 la de la Ciudad Aut\u00f3noma de Buenos Aires o la de la justicia nacional, seg\u00fan sea aplicable, en la medida que no haya una norma de orden p\u00fablico aplicable en materia de jurisdicci\u00f3n y derecho aplicable que ordene lo contrario.<\/p>\n","protected":false},"excerpt":{"rendered":"<p>Versi\u00f3n 30 de julio 2021. Agustina Chamorro, CUIT 27-31624174-9, titular de Adminomics, en adelante \u201cAdminomics\u201d, informa a los usuarios la siguiente pol\u00edtica de privacidad a los usuarios del dominio \u201cadminomics.com\u201d, en adelante \u201cP\u00e1gina\u201d. 1. Informaci\u00f3n recolectada La \u00fanica informaci\u00f3n recolectada por Adminomics a trav\u00e9s de la P\u00e1gina es aquella que los usuarios brinden a trav\u00e9s &hellip; <\/p>\n<p class=\"link-more\"><a href=\"https:\/\/adminomics.com\/index.php\/politica-privacidad\/\" class=\"more-link\">Continue reading<span class=\"screen-reader-text\"> &#8220;Pol\u00edtica de privacidad&#8221;<\/span><\/a><\/p>\n","protected":false},"author":1,"featured_media":0,"parent":0,"menu_order":0,"comment_status":"closed","ping_status":"open","template":"","meta":{"om_disable_all_campaigns":false,"_monsterinsights_skip_tracking":false,"_monsterinsights_sitenote_active":false,"_monsterinsights_sitenote_note":"","_monsterinsights_sitenote_category":0},"_links":{"self":[{"href":"https:\/\/adminomics.com\/index.php\/wp-json\/wp\/v2\/pages\/3"}],"collection":[{"href":"https:\/\/adminomics.com\/index.php\/wp-json\/wp\/v2\/pages"}],"about":[{"href":"https:\/\/adminomics.com\/index.php\/wp-json\/wp\/v2\/types\/page"}],"author":[{"embeddable":true,"href":"https:\/\/adminomics.com\/index.php\/wp-json\/wp\/v2\/users\/1"}],"replies":[{"embeddable":true,"href":"https:\/\/adminomics.com\/index.php\/wp-json\/wp\/v2\/comments?post=3"}],"version-history":[{"count":1,"href":"https:\/\/adminomics.com\/index.php\/wp-json\/wp\/v2\/pages\/3\/revisions"}],"predecessor-version":[{"id":171,"href":"https:\/\/adminomics.com\/index.php\/wp-json\/wp\/v2\/pages\/3\/revisions\/171"}],"wp:attachment":[{"href":"https:\/\/adminomics.com\/index.php\/wp-json\/wp\/v2\/media?parent=3"}],"curies":[{"name":"wp","href":"https:\/\/api.w.org\/{rel}","templated":true}]}}